{"id":512,"date":"2023-04-12T08:59:09","date_gmt":"2023-04-12T08:59:09","guid":{"rendered":"http:\/\/localhost\/mrittik\/?page_id=512"},"modified":"2024-07-22T12:13:19","modified_gmt":"2024-07-22T12:13:19","slug":"iletisim","status":"publish","type":"page","link":"https:\/\/www.vita.serasinsaat.com\/ru\/iletisim\/","title":{"rendered":"\u0421\u0432\u044f\u0437\u0430\u0442\u044c\u0441\u044f \u0441"},"content":{"rendered":"<div data-elementor-type=\"wp-page\" data-elementor-id=\"512\" class=\"elementor elementor-512\" data-elementor-post-type=\"page\">\n\t\t\t\t        <section class=\"elementor-section elementor-top-section elementor-element elementor-element-e5d5d77 elementor-section-full_width pxl-section-has-bg f2-pri elementor-section-height-default elementor-section-height-default pxl-section-offset-none pxl-row-scroll-none pxl-show-grid-none pxl-section-bg-none pxl-section-grid-bg-false\" data-id=\"e5d5d77\" data-element_type=\"section\" data-e-type=\"section\" id=\"pxl-getcolor-header\">\n\n                \n                <div class=\"elementor-container elementor-column-gap-default\">\n                <div class=\"elementor-column elementor-col-100 elementor-top-column elementor-element elementor-element-9516fc3 pxl-column-none\" data-id=\"9516fc3\" data-element_type=\"column\" data-e-type=\"column\">\r\n        <div class=\"elementor-widget-wrap elementor-element-populated\">\r\n                     \r\n        \t\t<div class=\"elementor-element elementor-element-256e6c4 elementor-widget elementor-widget-pxl_heading\" data-id=\"256e6c4\" data-element_type=\"widget\" data-e-type=\"widget\" data-widget_type=\"pxl_heading.default\">\n\t\t\t\t<div class=\"elementor-widget-container\">\n\t\t\t\t\t<div class=\"pxl-heading pxl-section-scroll\">\n\t<div class=\"pxl-heading--inner element-scroll\">\n\t\t\t\t<h2 class=\"pxl-item--title style1 divider-none\" data-wow-delay=\"ms\" data-wow-duration=\"1.2s\">\n\t\t\tCONTACT US\t\t\t\t\t<\/h2>\n\t<\/div>\n<\/div>\n\t\t\t\t<\/div>\n\t\t\t\t<\/div>\n\t\t\t\t<div class=\"elementor-element elementor-element-822694e elementor-widget elementor-widget-pxl_image\" data-id=\"822694e\" data-element_type=\"widget\" data-e-type=\"widget\" data-widget_type=\"pxl_image.default\">\n\t\t\t\t<div class=\"elementor-widget-container\">\n\t\t\t\t\t<div class=\"pxl-image-single pxl-image-single1\" data-wow-delay=\"ms\" data-wow-duration=\"1.2s\">\r\n                        <div class=\"pxl-item--inner\">\r\n                                    <img fetchpriority=\"high\" decoding=\"async\" width=\"2048\" height=\"1365\" src=\"https:\/\/www.vita.serasinsaat.com\/wp-content\/uploads\/2024\/07\/Hakkimizda-BG.png\" class=\"no-lazyload attachment-full\" alt=\"\" \/>                            <\/div>\r\n                <\/div>\t\t\t\t<\/div>\n\t\t\t\t<\/div>\n\t\t\t\t<div class=\"elementor-element elementor-element-207ae4d elementor-widget elementor-widget-pxl_heading\" data-id=\"207ae4d\" data-element_type=\"widget\" data-e-type=\"widget\" data-widget_type=\"pxl_heading.default\">\n\t\t\t\t<div class=\"elementor-widget-container\">\n\t\t\t\t\t<div class=\"pxl-heading\">\n\t<div class=\"pxl-heading--inner\">\n\t\t\t\t<h2 class=\"pxl-item--title style1 divider-none\" data-wow-delay=\"ms\" data-wow-duration=\"1.2s\">\n\t\t\tMERKEZ OF\u0130S KONUMU\t\t\t\t\t<\/h2>\n\t<\/div>\n<\/div>\n\t\t\t\t<\/div>\n\t\t\t\t<\/div>\n\t\t\t\t<div class=\"elementor-element elementor-element-89fe72c pxl-widget-google-maps pxl-pointer-none elementor-widget elementor-widget-google_maps\" data-id=\"89fe72c\" data-element_type=\"widget\" data-e-type=\"widget\" data-widget_type=\"google_maps.default\">\n\t\t\t\t<div class=\"elementor-widget-container\">\n\t\t\t\t\t\t\t<div class=\"elementor-custom-embed\">\n\t\t\t<iframe loading=\"lazy\"\n\t\t\t\t\tsrc=\"https:\/\/maps.google.com\/maps?q=Sera%C5%9F%20%C4%B0n%C5%9Faat&#038;t=m&#038;z=17&#038;output=embed&#038;iwloc=near\"\n\t\t\t\t\ttitle=\"Sera\u015f \u0130n\u015faat\"\n\t\t\t\t\taria-label=\"Sera\u015f \u0130n\u015faat\"\n\t\t\t><\/iframe>\n\t\t<\/div>\n\t\t\t\t\t\t<\/div>\n\t\t\t\t<\/div>\n\t\t            <\/div>\r\n        <\/div>\r\n        \t\t\t<\/div>\n\t\t<\/section>\n\t\t        <section class=\"elementor-section elementor-top-section elementor-element elementor-element-7bbd1df pxl-bg-fou-six pxl-show-grid-yes pxl-section-bg-overlay elementor-section-boxed elementor-section-height-default elementor-section-height-default pxl-row-scroll-none pxl-grid-mobile-none pxl-section-grid-bg-false\" data-id=\"7bbd1df\" data-element_type=\"section\" data-e-type=\"section\" id=\"iletisim-formu\">\n\n                \n                <div class=\"elementor-container elementor-column-gap-default\">\n                <div class=\"elementor-column elementor-col-50 elementor-top-column elementor-element elementor-element-adce161 pxl-column-none\" data-id=\"adce161\" data-element_type=\"column\" data-e-type=\"column\">\r\n        <div class=\"elementor-widget-wrap elementor-element-populated\">\r\n                     \r\n        \t\t<div class=\"elementor-element elementor-element-592c7a6 elementor-widget elementor-widget-pxl_heading\" data-id=\"592c7a6\" data-element_type=\"widget\" data-e-type=\"widget\" data-widget_type=\"pxl_heading.default\">\n\t\t\t\t<div class=\"elementor-widget-container\">\n\t\t\t\t\t<div class=\"pxl-heading\">\n\t<div class=\"pxl-heading--inner\">\n\t\t\t\t<h2 class=\"pxl-item--title style1 divider-none pxl-split-text split-in-left\" data-wow-delay=\"ms\" data-wow-duration=\"1.2s\">\n\t\t\tBA\u011eLANTIDA KALIN\t\t\t\t\t<\/h2>\n\t<\/div>\n<\/div>\n\t\t\t\t<\/div>\n\t\t\t\t<\/div>\n\t\t\t\t<div class=\"elementor-element elementor-element-8503a78 elementor-widget elementor-widget-pxl_text_editor\" data-id=\"8503a78\" data-element_type=\"widget\" data-e-type=\"widget\" data-widget_type=\"pxl_text_editor.default\">\n\t\t\t\t<div class=\"elementor-widget-container\">\n\t\t\t\t\t<div class=\"pxl-text-editor\" data-wow-delay=\"ms\" data-wow-duration=\"1.2s\">\n\t<div class=\"pxl-item--inner\">\n\t\t<p>Akl\u0131n\u0131za gelen her t\u00fcrl\u00fc soru ve \u00f6nerilerinizi bizlere iletebilirsiniz. \u0130leti\u015fim formunuzu doldurduktan sonra en k\u0131sa s\u00fcrede d\u00f6n\u00fc\u015f yap\u0131lacakt\u0131r.<\/p>\t<\/div>\n<\/div>\n\t\t\t\t<\/div>\n\t\t\t\t<\/div>\n\t\t            <\/div>\r\n        <\/div>\r\n                <div class=\"elementor-column elementor-col-50 elementor-top-column elementor-element elementor-element-1c2fee4 pxl-column-none\" data-id=\"1c2fee4\" data-element_type=\"column\" data-e-type=\"column\">\r\n        <div class=\"elementor-widget-wrap elementor-element-populated\">\r\n                     \r\n        \t\t<div class=\"elementor-element elementor-element-581f2c5 elementor-widget elementor-widget-pxl_contact_form\" data-id=\"581f2c5\" data-element_type=\"widget\" data-e-type=\"widget\" data-widget_type=\"pxl_contact_form.default\">\n\t\t\t\t<div class=\"elementor-widget-container\">\n\t\t\t\t\t    <div class=\"pxl-contact-form pxl-contact-form1 style2\" data-wow-delay=\"ms\" data-wow-duration=\"1.2s\">\r\n        \n<div class=\"wpcf7 no-js\" id=\"wpcf7-f715-o1\" lang=\"en-US\" dir=\"ltr\" data-wpcf7-id=\"715\">\n<div class=\"screen-reader-response\"><p role=\"status\" aria-live=\"polite\" aria-atomic=\"true\"><\/p> <ul><\/ul><\/div>\n<form action=\"\/ru\/wp-json\/wp\/v2\/pages\/512#wpcf7-f715-o1\" method=\"post\" class=\"wpcf7-form init\" aria-label=\"Contact form\" novalidate=\"novalidate\" data-status=\"init\" data-trp-original-action=\"\/ru\/wp-json\/wp\/v2\/pages\/512#wpcf7-f715-o1\">\n<fieldset class=\"hidden-fields-container\"><input type=\"hidden\" name=\"_wpcf7\" value=\"715\" \/><input type=\"hidden\" name=\"_wpcf7_version\" value=\"6.1.5\" \/><input type=\"hidden\" name=\"_wpcf7_locale\" value=\"en_US\" \/><input type=\"hidden\" name=\"_wpcf7_unit_tag\" value=\"wpcf7-f715-o1\" \/><input type=\"hidden\" name=\"_wpcf7_container_post\" value=\"0\" \/><input type=\"hidden\" name=\"_wpcf7_posted_data_hash\" value=\"\" \/>\n<\/fieldset>\n<div class=\"wp-row-ctf7 contact-form-custom1\">\n\t<div class=\"row input-contact\">\n\t\t<div class=\"col-12\">\n\t\t\t<div class=\"input-filled\">\n\t\t\t\t<p><span class=\"wpcf7-form-control-wrap\" data-name=\"your-name\"><input size=\"40\" maxlength=\"400\" class=\"wpcf7-form-control wpcf7-text wpcf7-validates-as-required\" id=\"namefield\" aria-required=\"true\" aria-invalid=\"false\" placeholder=\"\u0412\u0410\u0428\u0415 \u0418\u041c\u042f\" value=\"\" type=\"text\" name=\"your-name\" \/><\/span>\n\t\t\t\t<\/p>\n\t\t\t<\/div>\n\t\t<\/div>\n\t\t<div class=\"col-12\">\n\t\t\t<div class=\"input-filled\">\n\t\t\t\t<p><span class=\"wpcf7-form-control-wrap\" data-name=\"your-phone\"><input class=\"wpcf7-form-control wpcf7-number wpcf7-validates-as-required wpcf7-validates-as-number\" id=\"phonefield\" aria-required=\"true\" aria-invalid=\"false\" placeholder=\"\u0412\u0410\u0428 \u041d\u041e\u041c\u0415\u0420 \u0422\u0415\u041b\u0415\u0424\u041e\u041d\u0410\" value=\"\" type=\"number\" name=\"your-phone\" \/><\/span>\n\t\t\t\t<\/p>\n\t\t\t<\/div>\n\t\t<\/div>\n\t\t<div class=\"col-12\">\n\t\t\t<div class=\"input-filled\">\n\t\t\t\t<p><span class=\"wpcf7-form-control-wrap\" data-name=\"your-email\"><input size=\"40\" maxlength=\"400\" class=\"wpcf7-form-control wpcf7-email wpcf7-validates-as-required wpcf7-text wpcf7-validates-as-email\" id=\"mailfield\" aria-required=\"true\" aria-invalid=\"false\" placeholder=\"\u0412\u0410\u0428 \u041f\u041e\u0427\u0422\u041e\u0412\u042b\u0419 \u0410\u0414\u0420\u0415\u0421\" value=\"\" type=\"email\" name=\"your-email\" \/><\/span>\n\t\t\t\t<\/p>\n\t\t\t<\/div>\n\t\t<\/div>\n\t<\/div>\n\t<div class=\"row input-contact large\">\n\t\t<div class=\"col-12\">\n\t\t\t<div class=\"input-filled\">\n\t\t\t\t<p><span class=\"wpcf7-form-control-wrap\" data-name=\"your-message\"><textarea cols=\"40\" rows=\"10\" maxlength=\"2000\" class=\"wpcf7-form-control wpcf7-textarea\" id=\"messagefield\" aria-invalid=\"false\" placeholder=\"\u0421\u041e\u041e\u0411\u0429\u0415\u041d\u0418\u0415, \u0415\u0421\u041b\u0418 \u0422\u0410\u041a\u041e\u0412\u041e\u0415 \u0418\u041c\u0415\u0415\u0422\u0421\u042f\" name=\"your-message\"><\/textarea><\/span>\n\t\t\t\t<\/p>\n\t\t\t<\/div>\n\t\t<\/div>\n\t<\/div>\n\t<div class=\"row button-contact\">\n\t\t<div class=\"col-12\">\n\t\t\t<div class=\"btn-form\">\n\t\t\t\t<p><button type=\"submit\" class=\"wpcf7-submit btn btn-default\"><br \/>\n<span class=\"pxl-wobble\" data-animation=\"pxl-xspin\">\u041e\u0422\u041f\u0420\u0410\u0412\u0418\u0422\u042c<\/span><br \/>\n<svg width=\"206\" height=\"48\" viewbox=\"0 0 206 48\" fill=\"none\" xmlns=\"http:\/\/www.w3.org\/2000\/svg\">\n                        <path d=\"M305.946 337L-3 28.0539V26.8789L307.121 337H305.946Z\"\/>\n                        <path d=\"M329.754 337L-3 4.24629V3.07129L330.929 337H329.754Z\"\/>\n                        <path d=\"M353.562 337L-3 -19.5623V-20.7373L354.737 337H353.562Z\"\/>\n                        <path d=\"M377.371 337L-3 -43.3709V-44.5459L378.546 337H377.371Z\"\/>\n                        <path d=\"M401.179 337L-3 -67.1795V-68.3545L402.354 337H401.179Z\"\/>\n                        <path d=\"M424.988 337L-3 -90.9871V-92.1621L426.163 337H424.988Z\"\/>\n                        <path d=\"M448.796 337L-3 -114.796V-115.971L449.971 337H448.796Z\"\/>\n                        <path d=\"M472.604 337L-3 -138.604V-139.779L473.779 337H472.604Z\"\/>\n                        <path d=\"M-3 -163H-2.4125L497 336.412V337H496.412L-3 -162.413V-163Z\"\/>\n                        <path d=\"M21.3957 -163L497 312.604V313.779L20.2207 -163H21.3957Z\"\/>\n                        <path d=\"M45.2043 -163L497 288.796V289.971L44.0293 -163H45.2043Z\"\/>\n                        <path d=\"M69.0129 -163L497 264.988V266.163L67.8379 -163H69.0129Z\"\/>\n                        <path d=\"M92.8215 -163L497.001 241.179V242.354L91.6465 -163H92.8215Z\"\/>\n                        <path d=\"M116.63 -163L497.001 217.371V218.546L115.455 -163H116.63Z\"\/>\n                        <path d=\"M140.437 -163L496.999 193.562V194.737L139.262 -163H140.437Z\"\/>\n                        <path d=\"M164.245 -163L496.999 169.754V170.929L163.07 -163H164.245Z\"\/>\n                        <path d=\"M188.054 -163L497 145.946V147.121L186.879 -163H188.054Z\"\/>\n                        <path d=\"M293.862 337L-3 40.1379V38.9629L295.037 337H293.862Z\"\/>\n                        <path d=\"M317.671 337L-3 16.3293V15.1543L318.846 337H317.671Z\"\/>\n                        <path d=\"M341.479 337L-3 -7.47929V-8.6543L342.654 337H341.479Z\"\/>\n                        <path d=\"M365.288 337L-3 -31.2879V-32.4629L366.463 337H365.288Z\"\/>\n                        <path d=\"M389.096 337L-3 -55.0955V-56.2705L390.271 337H389.096Z\"\/>\n                        <path d=\"M412.904 337L-3 -78.9041V-80.0791L414.079 337H412.904Z\"\/>\n                        <path d=\"M436.713 337L-3 -102.713V-103.888L437.888 337H436.713Z\"\/>\n                        <path d=\"M460.521 337L-3 -126.521V-127.696L461.696 337H460.521Z\"\/>\n                        <path d=\"M484.329 337L-3 -150.329V-151.504L485.504 337H484.329Z\"\/>\n                        <path d=\"M9.31172 -163L496.999 324.688V325.863L8.13672 -163H9.31172Z\"\/>\n                        <path d=\"M33.1203 -163L496.999 300.879V302.054L31.9453 -163H33.1203Z\"\/>\n                        <path d=\"M56.9289 -163L497 277.071V278.246L55.7539 -163H56.9289Z\"\/>\n                        <path d=\"M80.7375 -163L497 253.263V254.438L79.5625 -163H80.7375Z\"\/>\n                        <path d=\"M104.546 -163L497 229.454V230.629L103.371 -163H104.546Z\"\/>\n                        <path d=\"M128.355 -163L497.001 205.646V206.821L127.18 -163H128.355Z\"\/>\n                        <path d=\"M152.163 -163L497.001 181.838V183.013L150.988 -163H152.163Z\"\/>\n                        <path d=\"M175.97 -163L496.999 158.029V159.204L174.795 -163H175.97Z\"\/>\n                        <path d=\"M199.779 -163L496.999 134.221V135.396L198.604 -163H199.779Z\"\/>\n                    <\/svg><br \/>\n<\/button>\n\t\t\t\t<\/p>\n\t\t\t<\/div>\n\t\t<\/div>\n\t<\/div>\n<\/div><div class=\"wpcf7-response-output\" aria-hidden=\"true\"><\/div>\n<input type=\"hidden\" name=\"trp-form-language\" value=\"ru\"\/><\/form>\n<\/div>\n    <\/div>\r\n\t\t\t\t<\/div>\n\t\t\t\t<\/div>\n\t\t            <\/div>\r\n        <\/div>\r\n        \t\t\t<\/div>\n\t\t<\/section>\n\t\t\t\t<\/div>","protected":false},"excerpt":{"rendered":"<p>\u0130LET\u0130\u015e\u0130M MERKEZ OF\u0130S KONUMU BA\u011eLANTIDA KALIN Akl\u0131n\u0131za gelen her t\u00fcrl\u00fc soru ve \u00f6nerilerinizi bizlere iletebilirsiniz. \u0130leti\u015fim formunuzu doldurduktan sonra en k\u0131sa s\u00fcrede d\u00f6n\u00fc\u015f yap\u0131lacakt\u0131r. G\u00d6NDER<\/p>","protected":false},"author":1,"featured_media":9312,"parent":0,"menu_order":0,"comment_status":"closed","ping_status":"closed","template":"","meta":{"footnotes":""},"class_list":["post-512","page","type-page","status-publish","has-post-thumbnail","hentry"],"yoast_head":"<!-- This site is optimized with the Yoast SEO Premium plugin v23.0 (Yoast SEO v27.4) - https:\/\/yoast.com\/product\/yoast-seo-premium-wordpress\/ -->\n<title>Antalya \u0130n\u015faat Projesi - Vita Perla &amp; Vita Serenity - Sera\u015f \u0130n\u015faat Grubu<\/title>\n<meta name=\"description\" content=\"Antalya Alt\u0131nova \u0130n\u015faat projesi. Sat\u0131l\u0131k ve kiral\u0131k daireler. Antalyan\u0131n en iyi in\u015faat projesine g\u00f6zat\u0131n. Sera\u015f \u0130n\u015faat Grubu taraf\u0131ndan ya...\" \/>\n<meta name=\"robots\" content=\"index, follow, max-snippet:-1, max-image-preview:large, max-video-preview:-1\" \/>\n<link rel=\"canonical\" href=\"https:\/\/www.vita.serasinsaat.com\/ru\/iletisim\/\" \/>\n<meta property=\"og:locale\" content=\"ru_RU\" \/>\n<meta property=\"og:type\" content=\"article\" \/>\n<meta property=\"og:title\" content=\"Antalya \u0130n\u015faat Projesi - Vita Perla &amp; Vita Serenity - Antalya L\u00fcks Daireler\" \/>\n<meta property=\"og:description\" content=\"Antalya Alt\u0131nova&#039;da yeni yap\u0131lan 2 etapl\u0131k in\u015faat projesi. Yat\u0131r\u0131ml\u0131k l\u00fcks daireler i\u00e7in siz de websitemizi ziyaret etmeyin unutmay\u0131n.\" \/>\n<meta property=\"og:url\" content=\"https:\/\/www.vita.serasinsaat.com\/ru\/iletisim\/\" \/>\n<meta property=\"og:site_name\" content=\"Vita Perla &amp; Vita Serenity\" \/>\n<meta property=\"article:modified_time\" content=\"2024-07-22T12:13:19+00:00\" \/>\n<meta property=\"og:image\" content=\"https:\/\/www.vita.serasinsaat.com\/wp-content\/uploads\/2023\/05\/31-TiP-A-giris-9_Post-copy.jpg\" \/>\n\t<meta property=\"og:image:width\" content=\"1920\" \/>\n\t<meta property=\"og:image:height\" content=\"1080\" \/>\n\t<meta property=\"og:image:type\" content=\"image\/jpeg\" \/>\n<meta name=\"twitter:card\" content=\"summary_large_image\" \/>\n<meta name=\"twitter:title\" content=\"\u0130leti\u015fim\" \/>\n<meta name=\"twitter:label1\" content=\"\u041f\u0440\u0438\u043c\u0435\u0440\u043d\u043e\u0435 \u0432\u0440\u0435\u043c\u044f \u0434\u043b\u044f \u0447\u0442\u0435\u043d\u0438\u044f\" \/>\n\t<meta name=\"twitter:data1\" content=\"1 \u043c\u0438\u043d\u0443\u0442\u0430\" \/>\n<script type=\"application\/ld+json\" class=\"yoast-schema-graph\">{\"@context\":\"https:\\\/\\\/schema.org\",\"@graph\":[{\"@type\":\"WebPage\",\"@id\":\"https:\\\/\\\/www.vita.serasinsaat.com\\\/iletisim\\\/\",\"url\":\"https:\\\/\\\/www.vita.serasinsaat.com\\\/iletisim\\\/\",\"name\":\"Antalya \u0130n\u015faat Projesi - Vita Perla &amp; Vita Serenity - Sera\u015f \u0130n\u015faat Grubu\",\"isPartOf\":{\"@id\":\"https:\\\/\\\/www.vita.serasinsaat.com\\\/#website\"},\"primaryImageOfPage\":{\"@id\":\"https:\\\/\\\/www.vita.serasinsaat.com\\\/iletisim\\\/#primaryimage\"},\"image\":{\"@id\":\"https:\\\/\\\/www.vita.serasinsaat.com\\\/iletisim\\\/#primaryimage\"},\"thumbnailUrl\":\"https:\\\/\\\/www.vita.serasinsaat.com\\\/wp-content\\\/uploads\\\/2024\\\/06\\\/Vita-Perla-Serenity-Logo-1.jpg\",\"datePublished\":\"2023-04-12T08:59:09+00:00\",\"dateModified\":\"2024-07-22T12:13:19+00:00\",\"description\":\"Antalya Alt\u0131nova \u0130n\u015faat projesi. Sat\u0131l\u0131k ve kiral\u0131k daireler. Antalyan\u0131n en iyi in\u015faat projesine g\u00f6zat\u0131n. Sera\u015f \u0130n\u015faat Grubu taraf\u0131ndan ya...\",\"breadcrumb\":{\"@id\":\"https:\\\/\\\/www.vita.serasinsaat.com\\\/iletisim\\\/#breadcrumb\"},\"inLanguage\":\"ru-RU\",\"potentialAction\":[{\"@type\":\"ReadAction\",\"target\":[\"https:\\\/\\\/www.vita.serasinsaat.com\\\/iletisim\\\/\"]}]},{\"@type\":\"ImageObject\",\"inLanguage\":\"ru-RU\",\"@id\":\"https:\\\/\\\/www.vita.serasinsaat.com\\\/iletisim\\\/#primaryimage\",\"url\":\"https:\\\/\\\/www.vita.serasinsaat.com\\\/wp-content\\\/uploads\\\/2024\\\/06\\\/Vita-Perla-Serenity-Logo-1.jpg\",\"contentUrl\":\"https:\\\/\\\/www.vita.serasinsaat.com\\\/wp-content\\\/uploads\\\/2024\\\/06\\\/Vita-Perla-Serenity-Logo-1.jpg\",\"width\":512,\"height\":512,\"caption\":\"Website-Favico\"},{\"@type\":\"BreadcrumbList\",\"@id\":\"https:\\\/\\\/www.vita.serasinsaat.com\\\/iletisim\\\/#breadcrumb\",\"itemListElement\":[{\"@type\":\"ListItem\",\"position\":1,\"name\":\"Home\",\"item\":\"https:\\\/\\\/www.vita.serasinsaat.com\\\/\"},{\"@type\":\"ListItem\",\"position\":2,\"name\":\"\u0130leti\u015fim\"}]},{\"@type\":\"WebSite\",\"@id\":\"https:\\\/\\\/www.vita.serasinsaat.com\\\/#website\",\"url\":\"https:\\\/\\\/www.vita.serasinsaat.com\\\/\",\"name\":\"Vita Perla & Vita Serenity\",\"description\":\"Sera\u015f \u0130n\u015faat Grubu Projesi\",\"publisher\":{\"@id\":\"https:\\\/\\\/www.vita.serasinsaat.com\\\/#organization\"},\"potentialAction\":[{\"@type\":\"SearchAction\",\"target\":{\"@type\":\"EntryPoint\",\"urlTemplate\":\"https:\\\/\\\/www.vita.serasinsaat.com\\\/?s={search_term_string}\"},\"query-input\":{\"@type\":\"PropertyValueSpecification\",\"valueRequired\":true,\"valueName\":\"search_term_string\"}}],\"inLanguage\":\"ru-RU\"},{\"@type\":\"Organization\",\"@id\":\"https:\\\/\\\/www.vita.serasinsaat.com\\\/#organization\",\"name\":\"Sera\u015f \u0130n\u015faat Grubu\",\"url\":\"https:\\\/\\\/www.vita.serasinsaat.com\\\/\",\"logo\":{\"@type\":\"ImageObject\",\"inLanguage\":\"ru-RU\",\"@id\":\"https:\\\/\\\/www.vita.serasinsaat.com\\\/#\\\/schema\\\/logo\\\/image\\\/\",\"url\":\"https:\\\/\\\/www.vita.serasinsaat.com\\\/wp-content\\\/uploads\\\/2024\\\/06\\\/Vita-Perla-Serenity-Logo-1.jpg\",\"contentUrl\":\"https:\\\/\\\/www.vita.serasinsaat.com\\\/wp-content\\\/uploads\\\/2024\\\/06\\\/Vita-Perla-Serenity-Logo-1.jpg\",\"width\":512,\"height\":512,\"caption\":\"Sera\u015f \u0130n\u015faat Grubu\"},\"image\":{\"@id\":\"https:\\\/\\\/www.vita.serasinsaat.com\\\/#\\\/schema\\\/logo\\\/image\\\/\"},\"sameAs\":[\"https:\\\/\\\/www.instagram.com\\\/serasinsaat\\\/\"]}]}<\/script>\n<!-- \/ Yoast SEO Premium plugin. -->","yoast_head_json":{"title":"Antalya \u0130n\u015faat Projesi - Vita Perla &amp; Vita Serenity - Sera\u015f \u0130n\u015faat Grubu","description":"Antalya Alt\u0131nova \u0130n\u015faat projesi. Sat\u0131l\u0131k ve kiral\u0131k daireler. Antalyan\u0131n en iyi in\u015faat projesine g\u00f6zat\u0131n. Sera\u015f \u0130n\u015faat Grubu taraf\u0131ndan ya...","robots":{"index":"index","follow":"follow","max-snippet":"max-snippet:-1","max-image-preview":"max-image-preview:large","max-video-preview":"max-video-preview:-1"},"canonical":"https:\/\/www.vita.serasinsaat.com\/ru\/iletisim\/","og_locale":"ru_RU","og_type":"article","og_title":"Antalya \u0130n\u015faat Projesi - Vita Perla &amp; Vita Serenity - Antalya L\u00fcks Daireler","og_description":"Antalya Alt\u0131nova'da yeni yap\u0131lan 2 etapl\u0131k in\u015faat projesi. Yat\u0131r\u0131ml\u0131k l\u00fcks daireler i\u00e7in siz de websitemizi ziyaret etmeyin unutmay\u0131n.","og_url":"https:\/\/www.vita.serasinsaat.com\/ru\/iletisim\/","og_site_name":"Vita Perla &amp; Vita Serenity","article_modified_time":"2024-07-22T12:13:19+00:00","og_image":[{"width":1920,"height":1080,"url":"https:\/\/www.vita.serasinsaat.com\/wp-content\/uploads\/2023\/05\/31-TiP-A-giris-9_Post-copy.jpg","type":"image\/jpeg"}],"twitter_card":"summary_large_image","twitter_title":"\u0130leti\u015fim","twitter_misc":{"\u041f\u0440\u0438\u043c\u0435\u0440\u043d\u043e\u0435 \u0432\u0440\u0435\u043c\u044f \u0434\u043b\u044f \u0447\u0442\u0435\u043d\u0438\u044f":"1 \u043c\u0438\u043d\u0443\u0442\u0430"},"schema":{"@context":"https:\/\/schema.org","@graph":[{"@type":"WebPage","@id":"https:\/\/www.vita.serasinsaat.com\/iletisim\/","url":"https:\/\/www.vita.serasinsaat.com\/iletisim\/","name":"Antalya \u0130n\u015faat Projesi - Vita Perla &amp; Vita Serenity - Sera\u015f \u0130n\u015faat Grubu","isPartOf":{"@id":"https:\/\/www.vita.serasinsaat.com\/#website"},"primaryImageOfPage":{"@id":"https:\/\/www.vita.serasinsaat.com\/iletisim\/#primaryimage"},"image":{"@id":"https:\/\/www.vita.serasinsaat.com\/iletisim\/#primaryimage"},"thumbnailUrl":"https:\/\/www.vita.serasinsaat.com\/wp-content\/uploads\/2024\/06\/Vita-Perla-Serenity-Logo-1.jpg","datePublished":"2023-04-12T08:59:09+00:00","dateModified":"2024-07-22T12:13:19+00:00","description":"Antalya Alt\u0131nova \u0130n\u015faat projesi. Sat\u0131l\u0131k ve kiral\u0131k daireler. Antalyan\u0131n en iyi in\u015faat projesine g\u00f6zat\u0131n. Sera\u015f \u0130n\u015faat Grubu taraf\u0131ndan ya...","breadcrumb":{"@id":"https:\/\/www.vita.serasinsaat.com\/iletisim\/#breadcrumb"},"inLanguage":"ru-RU","potentialAction":[{"@type":"ReadAction","target":["https:\/\/www.vita.serasinsaat.com\/iletisim\/"]}]},{"@type":"ImageObject","inLanguage":"ru-RU","@id":"https:\/\/www.vita.serasinsaat.com\/iletisim\/#primaryimage","url":"https:\/\/www.vita.serasinsaat.com\/wp-content\/uploads\/2024\/06\/Vita-Perla-Serenity-Logo-1.jpg","contentUrl":"https:\/\/www.vita.serasinsaat.com\/wp-content\/uploads\/2024\/06\/Vita-Perla-Serenity-Logo-1.jpg","width":512,"height":512,"caption":"Website-Favico"},{"@type":"BreadcrumbList","@id":"https:\/\/www.vita.serasinsaat.com\/iletisim\/#breadcrumb","itemListElement":[{"@type":"ListItem","position":1,"name":"Home","item":"https:\/\/www.vita.serasinsaat.com\/"},{"@type":"ListItem","position":2,"name":"\u0130leti\u015fim"}]},{"@type":"WebSite","@id":"https:\/\/www.vita.serasinsaat.com\/#website","url":"https:\/\/www.vita.serasinsaat.com\/","name":"Vita Perla \u0438 Vita Serenity","description":"Sera\u015f \u0130n\u015faat Grubu Projesi","publisher":{"@id":"https:\/\/www.vita.serasinsaat.com\/#organization"},"potentialAction":[{"@type":"SearchAction","target":{"@type":"EntryPoint","urlTemplate":"https:\/\/www.vita.serasinsaat.com\/?s={search_term_string}"},"query-input":{"@type":"PropertyValueSpecification","valueRequired":true,"valueName":"search_term_string"}}],"inLanguage":"ru-RU"},{"@type":"Organization","@id":"https:\/\/www.vita.serasinsaat.com\/#organization","name":"Sera\u015f \u0130n\u015faat Grubu","url":"https:\/\/www.vita.serasinsaat.com\/","logo":{"@type":"ImageObject","inLanguage":"ru-RU","@id":"https:\/\/www.vita.serasinsaat.com\/#\/schema\/logo\/image\/","url":"https:\/\/www.vita.serasinsaat.com\/wp-content\/uploads\/2024\/06\/Vita-Perla-Serenity-Logo-1.jpg","contentUrl":"https:\/\/www.vita.serasinsaat.com\/wp-content\/uploads\/2024\/06\/Vita-Perla-Serenity-Logo-1.jpg","width":512,"height":512,"caption":"Sera\u015f \u0130n\u015faat Grubu"},"image":{"@id":"https:\/\/www.vita.serasinsaat.com\/#\/schema\/logo\/image\/"},"sameAs":["https:\/\/www.instagram.com\/serasinsaat\/"]}]}},"_links":{"self":[{"href":"https:\/\/www.vita.serasinsaat.com\/ru\/wp-json\/wp\/v2\/pages\/512","targetHints":{"allow":["GET"]}}],"collection":[{"href":"https:\/\/www.vita.serasinsaat.com\/ru\/wp-json\/wp\/v2\/pages"}],"about":[{"href":"https:\/\/www.vita.serasinsaat.com\/ru\/wp-json\/wp\/v2\/types\/page"}],"author":[{"embeddable":true,"href":"https:\/\/www.vita.serasinsaat.com\/ru\/wp-json\/wp\/v2\/users\/1"}],"replies":[{"embeddable":true,"href":"https:\/\/www.vita.serasinsaat.com\/ru\/wp-json\/wp\/v2\/comments?post=512"}],"version-history":[{"count":60,"href":"https:\/\/www.vita.serasinsaat.com\/ru\/wp-json\/wp\/v2\/pages\/512\/revisions"}],"predecessor-version":[{"id":11149,"href":"https:\/\/www.vita.serasinsaat.com\/ru\/wp-json\/wp\/v2\/pages\/512\/revisions\/11149"}],"wp:featuredmedia":[{"embeddable":true,"href":"https:\/\/www.vita.serasinsaat.com\/ru\/wp-json\/wp\/v2\/media\/9312"}],"wp:attachment":[{"href":"https:\/\/www.vita.serasinsaat.com\/ru\/wp-json\/wp\/v2\/media?parent=512"}],"curies":[{"name":"wp","href":"https:\/\/api.w.org\/{rel}","templated":true}]}}